{"id":81,"date":"2019-11-15T15:42:35","date_gmt":"2019-11-15T15:42:35","guid":{"rendered":"https:\/\/planaiperle.com\/?page_id=81"},"modified":"2022-11-09T10:25:11","modified_gmt":"2022-11-09T10:25:11","slug":"die-region","status":"publish","type":"page","link":"https:\/\/planaiperle.com\/index.php\/die-region\/","title":{"rendered":"Die Region"},"content":{"rendered":"\t\t<div data-elementor-type=\"wp-page\" data-elementor-id=\"81\" class=\"elementor elementor-81\" data-elementor-settings=\"[]\">\n\t\t\t<div class=\"elementor-inner\">\n\t\t\t\t<div class=\"elementor-section-wrap\">\n\t\t\t\t\t\t\t<section class=\"elementor-element elementor-element-ddaea5d elementor-section-stretched elementor-section-height-min-height elementor-section-content-middle elementor-section-boxed elementor-section-height-default elementor-section-items-middle elementor-section elementor-top-section\" data-id=\"ddaea5d\" data-element_type=\"section\" id=\"Winter\" data-settings=\"{&quot;stretch_section&quot;:&quot;section-stretched&quot;,&quot;background_background&quot;:&quot;classic&quot;}\">\n\t\t\t\t\t\t<div class=\"elementor-container elementor-column-gap-no\">\n\t\t\t\t<div class=\"elementor-row\">\n\t\t\t\t<div class=\"elementor-element elementor-element-d389611 elementor-invisible elementor-column elementor-col-100 elementor-top-column\" data-id=\"d389611\" data-element_type=\"column\" data-settings=\"{&quot;animation&quot;:&quot;fadeInUp&quot;}\">\n\t\t\t<div class=\"elementor-column-wrap  elementor-element-populated\">\n\t\t\t\t\t<div class=\"elementor-widget-wrap\">\n\t\t\t\t<div class=\"elementor-element elementor-element-aae3cd4 elementor-hidden-phone elementor-widget elementor-widget-image\" data-id=\"aae3cd4\" data-element_type=\"widget\" data-widget_type=\"image.default\">\n\t\t\t\t<div class=\"elementor-widget-container\">\n\t\t\t\t\t<div class=\"elementor-image\">\n\t\t\t\t\t\t\t\t\t\t<img decoding=\"async\" src=\"https:\/\/planaiperle.com\/wp-content\/uploads\/2019\/11\/PLANAIPERLE_Content-Top-Element_01.svg\" title=\"PLANAIPERLE_Content Top Element_01\" alt=\"PLANAIPERLE_Content Top Element_01\" \/>\t\t\t\t\t\t\t\t\t\t\t<\/div>\n\t\t\t\t<\/div>\n\t\t\t\t<\/div>\n\t\t\t\t<div class=\"elementor-element elementor-element-4bc5626 elementor-hidden-desktop elementor-hidden-tablet elementor-widget elementor-widget-image\" data-id=\"4bc5626\" data-element_type=\"widget\" data-widget_type=\"image.default\">\n\t\t\t\t<div class=\"elementor-widget-container\">\n\t\t\t\t\t<div class=\"elementor-image\">\n\t\t\t\t\t\t\t\t\t\t<img decoding=\"async\" src=\"https:\/\/planaiperle.com\/wp-content\/uploads\/2019\/11\/PLANAIPERLE_Content-Top-Element_01.svg\" title=\"PLANAIPERLE_Content Top Element_01\" alt=\"PLANAIPERLE_Content Top Element_01\" \/>\t\t\t\t\t\t\t\t\t\t\t<\/div>\n\t\t\t\t<\/div>\n\t\t\t\t<\/div>\n\t\t\t\t<section class=\"elementor-element elementor-element-bade24b elementor-section-content-middle elementor-section-boxed elementor-section-height-default elementor-section-height-default elementor-section elementor-inner-section\" data-id=\"bade24b\" data-element_type=\"section\" data-settings=\"{&quot;background_background&quot;:&quot;classic&quot;}\">\n\t\t\t\t\t\t<div class=\"elementor-container elementor-column-gap-no\">\n\t\t\t\t<div class=\"elementor-row\">\n\t\t\t\t<div class=\"elementor-element elementor-element-6b476f3 elementor-column elementor-col-50 elementor-inner-column\" data-id=\"6b476f3\" data-element_type=\"column\">\n\t\t\t<div class=\"elementor-column-wrap  elementor-element-populated\">\n\t\t\t\t\t<div class=\"elementor-widget-wrap\">\n\t\t\t\t<div class=\"elementor-element elementor-element-06b1f1a elementor-widget elementor-widget-text-editor\" data-id=\"06b1f1a\" data-element_type=\"widget\" data-widget_type=\"text-editor.default\">\n\t\t\t\t<div class=\"elementor-widget-container\">\n\t\t\t\t\t<div class=\"elementor-text-editor elementor-clearfix\"><h1>Schladming im Winter<\/h1>\nDer WM-Ort Schladming muss f\u00fcr den Wintersport nicht extra vorgestellt werden. Weltmeisterliche Pisten in der 4 Berge Ski-Schaukel von Hauser Kaibling, Planai, Rohrmoos und Reitaralm mit 123 Pistenkilometer und 43 modernen Seilbahn- und Liftanlagen, Funpark, Snowboarder-Spielpl\u00e4tze, Skischulen und 61 H\u00fctten (mit und ohne Gaudi). Langlaufloipen, die mit den \u00f6ffentlichen Bussen oder dem Auto leicht erreichbar sind (in der nahen Ramsau auch wieder weltmeisterlich \u2013 nordisch halt). Nachtrodeln mit 7 km langem Rodelweg und nat\u00fcrlich Tourengehen in allen Varianten.\n\n<strong>WIR SIND WINTERSPORT UND WINTER ROMANTIK<\/strong>\n<strong>UND WINTER WUNDER\u00a0<\/strong>\n\nUnd das alles mit dem Komfort des (Klein-)Stadtlebens.<\/div>\n\t\t\t\t<\/div>\n\t\t\t\t<\/div>\n\t\t\t\t\t\t<\/div>\n\t\t\t<\/div>\n\t\t<\/div>\n\t\t\t\t<div class=\"elementor-element elementor-element-9a010de elementor-column elementor-col-50 elementor-inner-column\" data-id=\"9a010de\" data-element_type=\"column\">\n\t\t\t<div class=\"elementor-column-wrap  elementor-element-populated\">\n\t\t\t\t\t<div class=\"elementor-widget-wrap\">\n\t\t\t\t<div class=\"elementor-element elementor-element-0b58ab2 elementor-widget elementor-widget-shortcode\" data-id=\"0b58ab2\" data-element_type=\"widget\" data-widget_type=\"shortcode.default\">\n\t\t\t\t<div class=\"elementor-widget-container\">\n\t\t\t\t\t<div class=\"elementor-shortcode\"><\/div>\n\t\t\t\t<\/div>\n\t\t\t\t<\/div>\n\t\t\t\t\t\t<\/div>\n\t\t\t<\/div>\n\t\t<\/div>\n\t\t\t\t\t\t<\/div>\n\t\t\t<\/div>\n\t\t<\/section>\n\t\t\t\t<section class=\"elementor-element elementor-element-98c39c1 elementor-section-content-middle elementor-section-boxed elementor-section-height-default elementor-section-height-default elementor-section elementor-inner-section\" data-id=\"98c39c1\" data-element_type=\"section\">\n\t\t\t\t\t\t<div class=\"elementor-container elementor-column-gap-no\">\n\t\t\t\t<div class=\"elementor-row\">\n\t\t\t\t<div class=\"elementor-element elementor-element-62b853e elementor-column elementor-col-100 elementor-inner-column\" data-id=\"62b853e\" data-element_type=\"column\" data-settings=\"{&quot;background_background&quot;:&quot;classic&quot;}\">\n\t\t\t<div class=\"elementor-column-wrap  elementor-element-populated\">\n\t\t\t\t\t<div class=\"elementor-widget-wrap\">\n\t\t\t\t<div class=\"elementor-element elementor-element-8ae6d2e elementor-align-right elementor-widget elementor-widget-raven-button\" data-id=\"8ae6d2e\" data-element_type=\"widget\" data-widget_type=\"raven-button.default\">\n\t\t\t\t<div class=\"elementor-widget-container\">\n\t\t\t\t\t<div class=\"raven-widget-wrapper\">\n\t\t\t<a class=\"raven-button raven-button-link elementor-animation-grow\" href=\"#Sommer\">\n\t\t\t\t<span class=\"raven-button-content\">\n\t\t\t\t\t\t\t\t\t\t\t<span class=\"raven-button-align-icon-right raven-button-icon\">\n\t\t\t\t\t\t<i aria-hidden=\"true\" class=\"fas fa-angle-down\"><\/i>\t\t\t\t\t\t<\/span>\n\t\t\t\t\t\t\t\t\t\t<span class=\"raven-button-text\">\n\t\t\t\t\t\tSOMMER\t\t\t\t\t\t\t\t\t\t\t<\/span>\n\t\t\t\t<\/span>\n\t\t\t<\/a>\n\t\t<\/div>\n\t\t\t\t<\/div>\n\t\t\t\t<\/div>\n\t\t\t\t\t\t<\/div>\n\t\t\t<\/div>\n\t\t<\/div>\n\t\t\t\t\t\t<\/div>\n\t\t\t<\/div>\n\t\t<\/section>\n\t\t\t\t\t\t<\/div>\n\t\t\t<\/div>\n\t\t<\/div>\n\t\t\t\t\t\t<\/div>\n\t\t\t<\/div>\n\t\t<\/section>\n\t\t\t\t<section class=\"elementor-element elementor-element-b2307a4 elementor-section-stretched elementor-section-height-min-height elementor-section-content-middle elementor-section-boxed elementor-section-height-default elementor-section-items-middle elementor-section elementor-top-section\" data-id=\"b2307a4\" data-element_type=\"section\" id=\"Sommer\" data-settings=\"{&quot;stretch_section&quot;:&quot;section-stretched&quot;,&quot;background_background&quot;:&quot;classic&quot;}\">\n\t\t\t\t\t\t<div class=\"elementor-container elementor-column-gap-no\">\n\t\t\t\t<div class=\"elementor-row\">\n\t\t\t\t<div class=\"elementor-element elementor-element-900c734 elementor-invisible elementor-column elementor-col-100 elementor-top-column\" data-id=\"900c734\" data-element_type=\"column\" data-settings=\"{&quot;animation&quot;:&quot;fadeInUp&quot;}\">\n\t\t\t<div class=\"elementor-column-wrap  elementor-element-populated\">\n\t\t\t\t\t<div class=\"elementor-widget-wrap\">\n\t\t\t\t<div class=\"elementor-element elementor-element-206bc80 elementor-hidden-phone elementor-widget elementor-widget-image\" data-id=\"206bc80\" data-element_type=\"widget\" data-widget_type=\"image.default\">\n\t\t\t\t<div class=\"elementor-widget-container\">\n\t\t\t\t\t<div class=\"elementor-image\">\n\t\t\t\t\t\t\t\t\t\t<img decoding=\"async\" src=\"https:\/\/planaiperle.com\/wp-content\/uploads\/2019\/11\/PLANAIPERLE_Content-Top-Element_01.svg\" title=\"PLANAIPERLE_Content Top Element_01\" alt=\"PLANAIPERLE_Content Top Element_01\" \/>\t\t\t\t\t\t\t\t\t\t\t<\/div>\n\t\t\t\t<\/div>\n\t\t\t\t<\/div>\n\t\t\t\t<div class=\"elementor-element elementor-element-75ba698 elementor-hidden-desktop elementor-hidden-tablet elementor-widget elementor-widget-image\" data-id=\"75ba698\" data-element_type=\"widget\" data-widget_type=\"image.default\">\n\t\t\t\t<div class=\"elementor-widget-container\">\n\t\t\t\t\t<div class=\"elementor-image\">\n\t\t\t\t\t\t\t\t\t\t<img decoding=\"async\" src=\"https:\/\/planaiperle.com\/wp-content\/uploads\/2019\/11\/PLANAIPERLE_Content-Top-Element_01.svg\" title=\"PLANAIPERLE_Content Top Element_01\" alt=\"PLANAIPERLE_Content Top Element_01\" \/>\t\t\t\t\t\t\t\t\t\t\t<\/div>\n\t\t\t\t<\/div>\n\t\t\t\t<\/div>\n\t\t\t\t<section class=\"elementor-element elementor-element-428f422 elementor-section-content-middle elementor-section-boxed elementor-section-height-default elementor-section-height-default elementor-section elementor-inner-section\" data-id=\"428f422\" data-element_type=\"section\" data-settings=\"{&quot;background_background&quot;:&quot;classic&quot;}\">\n\t\t\t\t\t\t<div class=\"elementor-container elementor-column-gap-no\">\n\t\t\t\t<div class=\"elementor-row\">\n\t\t\t\t<div class=\"elementor-element elementor-element-30d5d00 elementor-column elementor-col-50 elementor-inner-column\" data-id=\"30d5d00\" data-element_type=\"column\">\n\t\t\t<div class=\"elementor-column-wrap  elementor-element-populated\">\n\t\t\t\t\t<div class=\"elementor-widget-wrap\">\n\t\t\t\t<div class=\"elementor-element elementor-element-5f9281f elementor-widget elementor-widget-text-editor\" data-id=\"5f9281f\" data-element_type=\"widget\" data-widget_type=\"text-editor.default\">\n\t\t\t\t<div class=\"elementor-widget-container\">\n\t\t\t\t\t<div class=\"elementor-text-editor elementor-clearfix\"><h1>Schladming im Sommer<\/h1>\nSchladming ist aber auch f\u00fcr den Sommerurlaub ein hei\u00dfer Tipp. Nicht zuletzt wegen der Dachstein Sommercard.\nIm angenehmen Klima auf ca. 750 Metern Seeh\u00f6he l\u00e4dt die Tauernregion ein zum Wanderen, Biken und Bergsteigen und vielem mehr. Schladming verf\u00fcgt auf der Planai \u00fcber eine permanente Bike Downhill-Strecke und der Dachstein Gletscher bietet den Aufstieg auf 3.000 Meter Seeh\u00f6he per Gondel aus der Ramsau. Darauf aufbauend bietet die Region eine Vielfalt an Sportm\u00f6glichkeiten von Golf \u00fcber Paragleiten bis hin zu Reiten oder Pferdewagenfahren. Es gibt f\u00fcr jedes Alter, f\u00fcr jede Geschwindigkeit und jeden Fitnessgrad attraktive M\u00f6glichkeiten.<\/div>\n\t\t\t\t<\/div>\n\t\t\t\t<\/div>\n\t\t\t\t\t\t<\/div>\n\t\t\t<\/div>\n\t\t<\/div>\n\t\t\t\t<div class=\"elementor-element elementor-element-0ae520e elementor-column elementor-col-50 elementor-inner-column\" data-id=\"0ae520e\" data-element_type=\"column\">\n\t\t\t<div class=\"elementor-column-wrap  elementor-element-populated\">\n\t\t\t\t\t<div class=\"elementor-widget-wrap\">\n\t\t\t\t<div class=\"elementor-element elementor-element-5f446a3 elementor-widget elementor-widget-smartslider3\" data-id=\"5f446a3\" data-element_type=\"widget\" data-widget_type=\"smartslider3.default\">\n\t\t\t\t<div class=\"elementor-widget-container\">\n\t\t\t<div class=\"elementor-smartslider\"><\/div>\t\t<\/div>\n\t\t\t\t<\/div>\n\t\t\t\t\t\t<\/div>\n\t\t\t<\/div>\n\t\t<\/div>\n\t\t\t\t\t\t<\/div>\n\t\t\t<\/div>\n\t\t<\/section>\n\t\t\t\t<section class=\"elementor-element elementor-element-6f1a4c7 elementor-section-content-middle elementor-section-boxed elementor-section-height-default elementor-section-height-default elementor-section elementor-inner-section\" data-id=\"6f1a4c7\" data-element_type=\"section\">\n\t\t\t\t\t\t<div class=\"elementor-container elementor-column-gap-no\">\n\t\t\t\t<div class=\"elementor-row\">\n\t\t\t\t<div class=\"elementor-element elementor-element-4c9656f elementor-column elementor-col-100 elementor-inner-column\" data-id=\"4c9656f\" data-element_type=\"column\" data-settings=\"{&quot;background_background&quot;:&quot;classic&quot;}\">\n\t\t\t<div class=\"elementor-column-wrap  elementor-element-populated\">\n\t\t\t\t\t<div class=\"elementor-widget-wrap\">\n\t\t\t\t<div class=\"elementor-element elementor-element-ac47d31 elementor-align-right elementor-widget elementor-widget-raven-button\" data-id=\"ac47d31\" data-element_type=\"widget\" data-widget_type=\"raven-button.default\">\n\t\t\t\t<div class=\"elementor-widget-container\">\n\t\t\t\t\t<div class=\"raven-widget-wrapper\">\n\t\t\t<a class=\"raven-button raven-button-link elementor-animation-grow\" href=\"#Winter\">\n\t\t\t\t<span class=\"raven-button-content\">\n\t\t\t\t\t\t\t\t\t\t\t<span class=\"raven-button-align-icon-right raven-button-icon\">\n\t\t\t\t\t\t<i aria-hidden=\"true\" class=\"fas fa-angle-up\"><\/i>\t\t\t\t\t\t<\/span>\n\t\t\t\t\t\t\t\t\t\t<span class=\"raven-button-text\">\n\t\t\t\t\t\tWINTER\t\t\t\t\t\t\t\t\t\t\t<\/span>\n\t\t\t\t<\/span>\n\t\t\t<\/a>\n\t\t<\/div>\n\t\t\t\t<\/div>\n\t\t\t\t<\/div>\n\t\t\t\t\t\t<\/div>\n\t\t\t<\/div>\n\t\t<\/div>\n\t\t\t\t\t\t<\/div>\n\t\t\t<\/div>\n\t\t<\/section>\n\t\t\t\t\t\t<\/div>\n\t\t\t<\/div>\n\t\t<\/div>\n\t\t\t\t\t\t<\/div>\n\t\t\t<\/div>\n\t\t<\/section>\n\t\t\t\t\t\t<\/div>\n\t\t\t<\/div>\n\t\t<\/div>\n\t\t","protected":false},"excerpt":{"rendered":"<p>Schladming im Winter Der WM-Ort Schladming muss f\u00fcr den Wintersport nicht extra vorgestellt werden. Weltmeisterliche Pisten in der 4 Berge Ski-Schaukel von Hauser Kaibling, Planai, Rohrmoos und Reitaralm mit 123 Pistenkilometer und 43 modernen Seilbahn- und Liftanlagen, Funpark, Snowboarder-Spielpl\u00e4tze, Skischulen und 61 H\u00fctten (mit und ohne Gaudi). Langlaufloipen, die mit den \u00f6ffentlichen Bussen oder dem [&hellip;]<\/p>\n","protected":false},"author":1,"featured_media":0,"parent":0,"menu_order":3,"comment_status":"closed","ping_status":"closed","template":"","meta":[],"_links":{"self":[{"href":"https:\/\/planaiperle.com\/index.php\/wp-json\/wp\/v2\/pages\/81"}],"collection":[{"href":"https:\/\/planaiperle.com\/index.php\/wp-json\/wp\/v2\/pages"}],"about":[{"href":"https:\/\/planaiperle.com\/index.php\/wp-json\/wp\/v2\/types\/page"}],"author":[{"embeddable":true,"href":"https:\/\/planaiperle.com\/index.php\/wp-json\/wp\/v2\/users\/1"}],"replies":[{"embeddable":true,"href":"https:\/\/planaiperle.com\/index.php\/wp-json\/wp\/v2\/comments?post=81"}],"version-history":[{"count":55,"href":"https:\/\/planaiperle.com\/index.php\/wp-json\/wp\/v2\/pages\/81\/revisions"}],"predecessor-version":[{"id":1336,"href":"https:\/\/planaiperle.com\/index.php\/wp-json\/wp\/v2\/pages\/81\/revisions\/1336"}],"wp:attachment":[{"href":"https:\/\/planaiperle.com\/index.php\/wp-json\/wp\/v2\/media?parent=81"}],"curies":[{"name":"wp","href":"https:\/\/api.w.org\/{rel}","templated":true}]}}