{"id":79,"date":"2019-11-15T15:42:21","date_gmt":"2019-11-15T15:42:21","guid":{"rendered":"https:\/\/planaiperle.com\/?page_id=79"},"modified":"2021-12-04T08:00:42","modified_gmt":"2021-12-04T08:00:42","slug":"appartements","status":"publish","type":"page","link":"https:\/\/planaiperle.com\/index.php\/appartements\/","title":{"rendered":"Appartements"},"content":{"rendered":"\t\t<div data-elementor-type=\"wp-page\" data-elementor-id=\"79\" class=\"elementor elementor-79\" data-elementor-settings=\"[]\">\n\t\t\t<div class=\"elementor-inner\">\n\t\t\t\t<div class=\"elementor-section-wrap\">\n\t\t\t\t\t\t\t<section class=\"elementor-element elementor-element-23919ca9 elementor-section-stretched elementor-section-content-middle elementor-section-boxed elementor-section-height-default elementor-section-height-default elementor-section elementor-top-section\" data-id=\"23919ca9\" data-element_type=\"section\" id=\"pp1\" data-settings=\"{&quot;stretch_section&quot;:&quot;section-stretched&quot;}\">\n\t\t\t\t\t\t<div class=\"elementor-container elementor-column-gap-no\">\n\t\t\t\t<div class=\"elementor-row\">\n\t\t\t\t<div class=\"elementor-element elementor-element-31315200 elementor-invisible elementor-column elementor-col-100 elementor-top-column\" data-id=\"31315200\" data-element_type=\"column\" data-settings=\"{&quot;animation&quot;:&quot;fadeInUp&quot;}\">\n\t\t\t<div class=\"elementor-column-wrap  elementor-element-populated\">\n\t\t\t\t\t<div class=\"elementor-widget-wrap\">\n\t\t\t\t<div class=\"elementor-element elementor-element-296ce617 elementor-hidden-phone elementor-widget elementor-widget-image\" data-id=\"296ce617\" data-element_type=\"widget\" data-widget_type=\"image.default\">\n\t\t\t\t<div class=\"elementor-widget-container\">\n\t\t\t\t\t<div class=\"elementor-image\">\n\t\t\t\t\t\t\t\t\t\t<img decoding=\"async\" src=\"https:\/\/planaiperle.com\/wp-content\/uploads\/2019\/11\/PLANAIPERLE_Content-Top-Element_01.svg\" title=\"PLANAIPERLE_Content Top Element_01\" alt=\"PLANAIPERLE_Content Top Element_01\" \/>\t\t\t\t\t\t\t\t\t\t\t<\/div>\n\t\t\t\t<\/div>\n\t\t\t\t<\/div>\n\t\t\t\t<div class=\"elementor-element elementor-element-73889e3 elementor-hidden-desktop elementor-hidden-tablet elementor-widget elementor-widget-image\" data-id=\"73889e3\" data-element_type=\"widget\" data-widget_type=\"image.default\">\n\t\t\t\t<div class=\"elementor-widget-container\">\n\t\t\t\t\t<div class=\"elementor-image\">\n\t\t\t\t\t\t\t\t\t\t<img decoding=\"async\" src=\"https:\/\/planaiperle.com\/wp-content\/uploads\/2019\/11\/PLANAIPERLE_Content-Top-Element_01.svg\" title=\"PLANAIPERLE_Content Top Element_01\" alt=\"PLANAIPERLE_Content Top Element_01\" \/>\t\t\t\t\t\t\t\t\t\t\t<\/div>\n\t\t\t\t<\/div>\n\t\t\t\t<\/div>\n\t\t\t\t<section class=\"elementor-element elementor-element-3529d4bb elementor-section-content-middle elementor-section-boxed elementor-section-height-default elementor-section-height-default elementor-section elementor-inner-section\" data-id=\"3529d4bb\" data-element_type=\"section\" data-settings=\"{&quot;background_background&quot;:&quot;classic&quot;}\">\n\t\t\t\t\t\t<div class=\"elementor-container elementor-column-gap-no\">\n\t\t\t\t<div class=\"elementor-row\">\n\t\t\t\t<div class=\"elementor-element elementor-element-51a8f35b elementor-column elementor-col-50 elementor-inner-column\" data-id=\"51a8f35b\" data-element_type=\"column\">\n\t\t\t<div class=\"elementor-column-wrap  elementor-element-populated\">\n\t\t\t\t\t<div class=\"elementor-widget-wrap\">\n\t\t\t\t<div class=\"elementor-element elementor-element-18d56f80 elementor-widget elementor-widget-text-editor\" data-id=\"18d56f80\" data-element_type=\"widget\" data-widget_type=\"text-editor.default\">\n\t\t\t\t<div class=\"elementor-widget-container\">\n\t\t\t\t\t<div class=\"elementor-text-editor elementor-clearfix\"><h1>Planai<br \/>Perle I<\/h1><h2><span class=\"s1\"><b>Appartement f\u00fcr 6 Personen<br \/><\/b><\/span><span class=\"s1\"><b>97m\u00b2 | 3 Schlafzimmer | Terrasse<\/b><\/span><\/h2><p class=\"p1\"><span class=\"s1\">Gem\u00fctliches Appartement (neu seit 2018) in bester zentraler Lage \u2013 2 Gehminuten zur Planai-Gondel (Apr\u00e9s Ski Tenne).<\/span><\/p><p class=\"p1\"><span class=\"s1\">Ausgangspunkt f\u00fcr s\u00e4mtliche Urlaubsaktivit\u00e4ten (Winter, Sommer)<\/span><\/p><p class=\"p1\"><span class=\"s1\">Erlebnisbad (Sauna), Hauptplatz, Supermarkt und Gastronomie in unmittelbarer N\u00e4he!<\/span><\/p><\/div>\n\t\t\t\t<\/div>\n\t\t\t\t<\/div>\n\t\t\t\t\t\t<\/div>\n\t\t\t<\/div>\n\t\t<\/div>\n\t\t\t\t<div class=\"elementor-element elementor-element-436f7ba elementor-column elementor-col-50 elementor-inner-column\" data-id=\"436f7ba\" data-element_type=\"column\">\n\t\t\t<div class=\"elementor-column-wrap  elementor-element-populated\">\n\t\t\t\t\t<div class=\"elementor-widget-wrap\">\n\t\t\t\t<div class=\"elementor-element elementor-element-10fb33c elementor-widget elementor-widget-shortcode\" data-id=\"10fb33c\" data-element_type=\"widget\" data-widget_type=\"shortcode.default\">\n\t\t\t\t<div class=\"elementor-widget-container\">\n\t\t\t\t\t<div class=\"elementor-shortcode\"><\/div>\n\t\t\t\t<\/div>\n\t\t\t\t<\/div>\n\t\t\t\t\t\t<\/div>\n\t\t\t<\/div>\n\t\t<\/div>\n\t\t\t\t\t\t<\/div>\n\t\t\t<\/div>\n\t\t<\/section>\n\t\t\t\t<section class=\"elementor-element elementor-element-2a9dd0e elementor-section-content-middle elementor-section-boxed elementor-section-height-default elementor-section-height-default elementor-section elementor-inner-section\" data-id=\"2a9dd0e\" data-element_type=\"section\" data-settings=\"{&quot;background_background&quot;:&quot;classic&quot;}\">\n\t\t\t\t\t\t<div class=\"elementor-container elementor-column-gap-no\">\n\t\t\t\t<div class=\"elementor-row\">\n\t\t\t\t<div class=\"elementor-element elementor-element-56259a0 elementor-column elementor-col-50 elementor-inner-column\" data-id=\"56259a0\" data-element_type=\"column\">\n\t\t\t<div class=\"elementor-column-wrap  elementor-element-populated\">\n\t\t\t\t\t<div class=\"elementor-widget-wrap\">\n\t\t\t\t<div class=\"elementor-element elementor-element-4060ae7 elementor-widget elementor-widget-text-editor\" data-id=\"4060ae7\" data-element_type=\"widget\" data-widget_type=\"text-editor.default\">\n\t\t\t\t<div class=\"elementor-widget-container\">\n\t\t\t\t\t<div class=\"elementor-text-editor elementor-clearfix\"><h2><span style=\"color: #ffffff;\">AUSSTATTUNG<\/span><\/h2><p><span style=\"color: #ffffff;\">Nichtraucher<\/span><\/p><p><strong style=\"color: #ffffff; font-size: 1rem;\">WLAN, WIFI, Kabel SmartTV<\/strong><\/p><p><span style=\"color: #ffffff; font-size: 1rem;\"><b>K\u00fcche: <\/b>Vollausstattung!<\/span><span style=\"color: #ffffff; font-size: 1rem;\">\u00a0<\/span><span style=\"color: #ffffff; font-size: 1rem;\">Geschirrsp\u00fclmaschine, Elektroherd \u00a0mit Dunstabzug, Backofen, K\u00fcchenger\u00e4te, K\u00fchlschrank mit Gefrierfach, Mikrowelle, Kaffee-Maschine, Wasserkocher, Geschirr und Kocht\u00f6pfe\u00a0<\/span><\/p><p><b style=\"color: #ffffff; font-size: 1rem;\">Essbereich: <\/b><span style=\"color: #ffffff; font-size: 1rem;\">gro\u00dfer Tisch, 7 St\u00fchle<\/span><\/p><p><span style=\"color: #ffffff;\"><strong>Wohnbereich:<\/strong>\u00a0Moderne M\u00f6blierung, Sitzgruppe, ohne Teppiche<\/span><\/p><\/div>\n\t\t\t\t<\/div>\n\t\t\t\t<\/div>\n\t\t\t\t\t\t<\/div>\n\t\t\t<\/div>\n\t\t<\/div>\n\t\t\t\t<div class=\"elementor-element elementor-element-33a19a4 elementor-column elementor-col-50 elementor-inner-column\" data-id=\"33a19a4\" data-element_type=\"column\">\n\t\t\t<div class=\"elementor-column-wrap  elementor-element-populated\">\n\t\t\t\t\t<div class=\"elementor-widget-wrap\">\n\t\t\t\t<div class=\"elementor-element elementor-element-4bb8ed0 elementor-widget elementor-widget-text-editor\" data-id=\"4bb8ed0\" data-element_type=\"widget\" data-widget_type=\"text-editor.default\">\n\t\t\t\t<div class=\"elementor-widget-container\">\n\t\t\t\t\t<div class=\"elementor-text-editor elementor-clearfix\"><div class=\"wpb_row vc_row vc_row-fluid mk-fullwidth-false attched-false vc_custom_1568809832393 js-master-row mk-grid mk-in-viewport\" data-mk-stretch-content=\"true\"><div class=\"vc_col-sm-12 wpb_column column_container _ height-full\"><div class=\" vc_custom_1565012995220\"><div id=\"text-block-9\" class=\"mk-text-block \"><p class=\"p1\"><span class=\"s1\" style=\"color: #ffffff;\"><strong>3 Separate Schlafzimmer:<\/strong>\u00a0 Doppelbetten 180x210cm (1 Bett\/2 Matratzen) inkl. Bettzeug, \u00a0Schrank.<\/span><\/p><p class=\"p1\"><strong style=\"color: #ffffff; font-size: 1rem;\">Terrasse und Garten<\/strong><span style=\"color: #ffffff; font-size: 1rem;\">\u00a0mit Gartenm\u00f6bel\u00a0\u00a0<\/span><\/p><p class=\"p1\"><span style=\"color: #ffffff;\"><strong><span class=\"s1\">Haustiere:\u00a0 Bitte nur nach Absprache!<\/span><\/strong><\/span><\/p><p class=\"p1\">\u00a0<\/p><\/div><\/div><\/div><\/div><\/div>\n\t\t\t\t<\/div>\n\t\t\t\t<\/div>\n\t\t\t\t\t\t<\/div>\n\t\t\t<\/div>\n\t\t<\/div>\n\t\t\t\t\t\t<\/div>\n\t\t\t<\/div>\n\t\t<\/section>\n\t\t\t\t\t\t<\/div>\n\t\t\t<\/div>\n\t\t<\/div>\n\t\t\t\t\t\t<\/div>\n\t\t\t<\/div>\n\t\t<\/section>\n\t\t\t\t<section class=\"elementor-element elementor-element-46de982 elementor-section-stretched elementor-section-content-middle elementor-section-boxed elementor-section-height-default elementor-section-height-default elementor-section elementor-top-section\" data-id=\"46de982\" data-element_type=\"section\" id=\"pp2\" data-settings=\"{&quot;stretch_section&quot;:&quot;section-stretched&quot;}\">\n\t\t\t\t\t\t<div class=\"elementor-container elementor-column-gap-no\">\n\t\t\t\t<div class=\"elementor-row\">\n\t\t\t\t<div class=\"elementor-element elementor-element-09919b9 elementor-invisible elementor-column elementor-col-100 elementor-top-column\" data-id=\"09919b9\" data-element_type=\"column\" data-settings=\"{&quot;animation&quot;:&quot;fadeInUp&quot;}\">\n\t\t\t<div class=\"elementor-column-wrap  elementor-element-populated\">\n\t\t\t\t\t<div class=\"elementor-widget-wrap\">\n\t\t\t\t<div class=\"elementor-element elementor-element-e06e2d5 elementor-hidden-phone elementor-widget elementor-widget-image\" data-id=\"e06e2d5\" data-element_type=\"widget\" data-widget_type=\"image.default\">\n\t\t\t\t<div class=\"elementor-widget-container\">\n\t\t\t\t\t<div class=\"elementor-image\">\n\t\t\t\t\t\t\t\t\t\t<img decoding=\"async\" src=\"https:\/\/planaiperle.com\/wp-content\/uploads\/2019\/11\/PLANAIPERLE_Content-Top-Element_01.svg\" title=\"PLANAIPERLE_Content Top Element_01\" alt=\"PLANAIPERLE_Content Top Element_01\" \/>\t\t\t\t\t\t\t\t\t\t\t<\/div>\n\t\t\t\t<\/div>\n\t\t\t\t<\/div>\n\t\t\t\t<div class=\"elementor-element elementor-element-cfe97a4 elementor-hidden-desktop elementor-hidden-tablet elementor-widget elementor-widget-image\" data-id=\"cfe97a4\" data-element_type=\"widget\" data-widget_type=\"image.default\">\n\t\t\t\t<div class=\"elementor-widget-container\">\n\t\t\t\t\t<div class=\"elementor-image\">\n\t\t\t\t\t\t\t\t\t\t<img decoding=\"async\" src=\"https:\/\/planaiperle.com\/wp-content\/uploads\/2019\/11\/PLANAIPERLE_Content-Top-Element_01.svg\" title=\"PLANAIPERLE_Content Top Element_01\" alt=\"PLANAIPERLE_Content Top Element_01\" \/>\t\t\t\t\t\t\t\t\t\t\t<\/div>\n\t\t\t\t<\/div>\n\t\t\t\t<\/div>\n\t\t\t\t<section class=\"elementor-element elementor-element-3def262 elementor-section-content-middle elementor-section-boxed elementor-section-height-default elementor-section-height-default elementor-section elementor-inner-section\" data-id=\"3def262\" data-element_type=\"section\" data-settings=\"{&quot;background_background&quot;:&quot;classic&quot;}\">\n\t\t\t\t\t\t<div class=\"elementor-container elementor-column-gap-no\">\n\t\t\t\t<div class=\"elementor-row\">\n\t\t\t\t<div class=\"elementor-element elementor-element-f6be060 elementor-column elementor-col-50 elementor-inner-column\" data-id=\"f6be060\" data-element_type=\"column\">\n\t\t\t<div class=\"elementor-column-wrap  elementor-element-populated\">\n\t\t\t\t\t<div class=\"elementor-widget-wrap\">\n\t\t\t\t<div class=\"elementor-element elementor-element-b7aaeef elementor-widget elementor-widget-text-editor\" data-id=\"b7aaeef\" data-element_type=\"widget\" data-widget_type=\"text-editor.default\">\n\t\t\t\t<div class=\"elementor-widget-container\">\n\t\t\t\t\t<div class=\"elementor-text-editor elementor-clearfix\"><h1>Planai<br \/>Perle II<\/h1><h2><span class=\"s1\"><b>Appartement f\u00fcr 4 Personen<br \/><\/b><\/span><span class=\"s1\"><b>76m\u00b2 | 2 Schlafzimmer | Terrasse<\/b><\/span><\/h2><p class=\"p1\"><span class=\"s1\">Gem\u00fctliches Appartement (neu seit 2018) in bester zentraler Lage \u2013 2 Gehminuten zur Planai-Gondel (Apr\u00e9s Ski Tenne).<\/span><\/p><p class=\"p1\"><span class=\"s1\">Ausgangspunkt f\u00fcr s\u00e4mtliche Urlaubsaktivit\u00e4ten (Winter, Sommer)<\/span><\/p><p class=\"p1\"><span class=\"s1\">Erlebnisbad (Sauna), Hauptplatz, Supermarkt und Gastronomie in unmittelbarer N\u00e4he!<\/span><\/p><\/div>\n\t\t\t\t<\/div>\n\t\t\t\t<\/div>\n\t\t\t\t\t\t<\/div>\n\t\t\t<\/div>\n\t\t<\/div>\n\t\t\t\t<div class=\"elementor-element elementor-element-7260486 elementor-column elementor-col-50 elementor-inner-column\" data-id=\"7260486\" data-element_type=\"column\">\n\t\t\t<div class=\"elementor-column-wrap  elementor-element-populated\">\n\t\t\t\t\t<div class=\"elementor-widget-wrap\">\n\t\t\t\t<div class=\"elementor-element elementor-element-1405bfa elementor-widget elementor-widget-shortcode\" data-id=\"1405bfa\" data-element_type=\"widget\" data-widget_type=\"shortcode.default\">\n\t\t\t\t<div class=\"elementor-widget-container\">\n\t\t\t\t\t<div class=\"elementor-shortcode\"><\/div>\n\t\t\t\t<\/div>\n\t\t\t\t<\/div>\n\t\t\t\t\t\t<\/div>\n\t\t\t<\/div>\n\t\t<\/div>\n\t\t\t\t\t\t<\/div>\n\t\t\t<\/div>\n\t\t<\/section>\n\t\t\t\t<section class=\"elementor-element elementor-element-4dc7745 elementor-section-content-middle elementor-section-boxed elementor-section-height-default elementor-section-height-default elementor-section elementor-inner-section\" data-id=\"4dc7745\" data-element_type=\"section\" data-settings=\"{&quot;background_background&quot;:&quot;classic&quot;}\">\n\t\t\t\t\t\t<div class=\"elementor-container elementor-column-gap-no\">\n\t\t\t\t<div class=\"elementor-row\">\n\t\t\t\t<div class=\"elementor-element elementor-element-f4b6c35 elementor-column elementor-col-50 elementor-inner-column\" data-id=\"f4b6c35\" data-element_type=\"column\">\n\t\t\t<div class=\"elementor-column-wrap  elementor-element-populated\">\n\t\t\t\t\t<div class=\"elementor-widget-wrap\">\n\t\t\t\t<div class=\"elementor-element elementor-element-3abe450 elementor-widget elementor-widget-text-editor\" data-id=\"3abe450\" data-element_type=\"widget\" data-widget_type=\"text-editor.default\">\n\t\t\t\t<div class=\"elementor-widget-container\">\n\t\t\t\t\t<div class=\"elementor-text-editor elementor-clearfix\"><h2><span style=\"color: #ffffff;\">AUSSTATTUNG<\/span><\/h2><p><span style=\"color: #ffffff;\">Rauchen in den Appartements verboten!<\/span><\/p><p><span style=\"color: #ffffff;\">WLAN, WIFI, Kabel SmartTV<\/span><\/p><p><span style=\"color: #ffffff;\"><strong>K\u00fcche:<\/strong>\u00a0Vollausstattung! Geschirrsp\u00fclmaschine, Elektroherd \u00a0mit Dunstabzug, Backofen, K\u00fcchenger\u00e4te, K\u00fchlschrank mit Gefrierfach, Mikrowelle, Kaffee-Maschine, Wasserkocher, Geschirr und Kocht\u00f6pfe\u00a0<\/span><\/p><p><span style=\"color: #ffffff;\"><strong>Essbereich: <\/strong>gro\u00dfer Tisch, 6 St\u00fchle<\/span><\/p><p><span style=\"color: #ffffff;\"><strong>Wohnbereich:\u00a0<\/strong>Moderne M\u00f6blierung, Sitzgruppe, ohne Teppiche<\/span><\/p><\/div>\n\t\t\t\t<\/div>\n\t\t\t\t<\/div>\n\t\t\t\t\t\t<\/div>\n\t\t\t<\/div>\n\t\t<\/div>\n\t\t\t\t<div class=\"elementor-element elementor-element-a94d36c elementor-column elementor-col-50 elementor-inner-column\" data-id=\"a94d36c\" data-element_type=\"column\">\n\t\t\t<div class=\"elementor-column-wrap  elementor-element-populated\">\n\t\t\t\t\t<div class=\"elementor-widget-wrap\">\n\t\t\t\t<div class=\"elementor-element elementor-element-2244636 elementor-widget elementor-widget-text-editor\" data-id=\"2244636\" data-element_type=\"widget\" data-widget_type=\"text-editor.default\">\n\t\t\t\t<div class=\"elementor-widget-container\">\n\t\t\t\t\t<div class=\"elementor-text-editor elementor-clearfix\"><div class=\"wpb_row vc_row vc_row-fluid mk-fullwidth-false attched-false vc_custom_1568809832393 js-master-row mk-grid mk-in-viewport\" data-mk-stretch-content=\"true\"><div class=\"vc_col-sm-12 wpb_column column_container _ height-full\"><div class=\" vc_custom_1565012995220\"><div id=\"text-block-9\" class=\"mk-text-block \"><p class=\"p1\"><span class=\"s1\" style=\"color: #ffffff;\"><strong>2 Separate Schlafzimmer:<\/strong>\u00a0Doppelbetten 180x210cm(1 Bett\/2 Matratzen) inkl. Bettzeug, \u00a0Schrank.<\/span><\/p><p class=\"p1\"><span class=\"s1\" style=\"color: #ffffff;\"><strong>Terrasse und Garten<\/strong>\u00a0mit Gartenm\u00f6bel \u00a0<\/span><\/p><p class=\"p1\"><span style=\"color: #ffffff;\"><strong><span class=\"s1\">Haustiere: siehe Appartement I<\/span><\/strong><\/span><\/p><\/div><\/div><\/div><\/div><\/div>\n\t\t\t\t<\/div>\n\t\t\t\t<\/div>\n\t\t\t\t\t\t<\/div>\n\t\t\t<\/div>\n\t\t<\/div>\n\t\t\t\t\t\t<\/div>\n\t\t\t<\/div>\n\t\t<\/section>\n\t\t\t\t\t\t<\/div>\n\t\t\t<\/div>\n\t\t<\/div>\n\t\t\t\t\t\t<\/div>\n\t\t\t<\/div>\n\t\t<\/section>\n\t\t\t\t\t\t<\/div>\n\t\t\t<\/div>\n\t\t<\/div>\n\t\t","protected":false},"excerpt":{"rendered":"<p>PlanaiPerle I Appartement f\u00fcr 6 Personen97m\u00b2 | 3 Schlafzimmer | Terrasse Gem\u00fctliches Appartement (neu seit 2018) in bester zentraler Lage \u2013 2 Gehminuten zur Planai-Gondel (Apr\u00e9s Ski Tenne). Ausgangspunkt f\u00fcr s\u00e4mtliche Urlaubsaktivit\u00e4ten (Winter, Sommer) Erlebnisbad (Sauna), Hauptplatz, Supermarkt und Gastronomie in unmittelbarer N\u00e4he! AUSSTATTUNG Nichtraucher WLAN, WIFI, Kabel SmartTV K\u00fcche: Vollausstattung!\u00a0Geschirrsp\u00fclmaschine, Elektroherd \u00a0mit Dunstabzug, Backofen, [&hellip;]<\/p>\n","protected":false},"author":1,"featured_media":0,"parent":0,"menu_order":2,"comment_status":"closed","ping_status":"closed","template":"","meta":[],"_links":{"self":[{"href":"https:\/\/planaiperle.com\/index.php\/wp-json\/wp\/v2\/pages\/79"}],"collection":[{"href":"https:\/\/planaiperle.com\/index.php\/wp-json\/wp\/v2\/pages"}],"about":[{"href":"https:\/\/planaiperle.com\/index.php\/wp-json\/wp\/v2\/types\/page"}],"author":[{"embeddable":true,"href":"https:\/\/planaiperle.com\/index.php\/wp-json\/wp\/v2\/users\/1"}],"replies":[{"embeddable":true,"href":"https:\/\/planaiperle.com\/index.php\/wp-json\/wp\/v2\/comments?post=79"}],"version-history":[{"count":33,"href":"https:\/\/planaiperle.com\/index.php\/wp-json\/wp\/v2\/pages\/79\/revisions"}],"predecessor-version":[{"id":1277,"href":"https:\/\/planaiperle.com\/index.php\/wp-json\/wp\/v2\/pages\/79\/revisions\/1277"}],"wp:attachment":[{"href":"https:\/\/planaiperle.com\/index.php\/wp-json\/wp\/v2\/media?parent=79"}],"curies":[{"name":"wp","href":"https:\/\/api.w.org\/{rel}","templated":true}]}}